{"id":2421,"date":"2019-07-08T10:34:18","date_gmt":"2019-07-08T14:34:18","guid":{"rendered":"http:\/\/old-bagel.flywheelsites.com\/fondos-designados-por-el-donante\/"},"modified":"2019-07-08T10:34:18","modified_gmt":"2019-07-08T14:34:18","slug":"fondos-designados-por-el-donante","status":"publish","type":"page","link":"https:\/\/elfuturo-nc.org\/es\/fondos-designados-por-el-donante\/","title":{"rendered":"Fondos Designados por el Donante"},"content":{"rendered":"<p>[et_pb_section fb_built=&#8221;1&#8243; module_id=&#8221;hero&#8221; module_class=&#8221;header-one&#8221; _builder_version=&#8221;3.19.5&#8243; background_image=&#8221;https:\/\/elfuturo-nc.org\/wp-content\/uploads\/2019\/01\/flower-header.png&#8221; background_size=&#8221;initial&#8221; background_position=&#8221;bottom_center&#8221; collapsed=&#8221;on&#8221;][et_pb_row _builder_version=&#8221;3.0.48&#8243; gutter_width__hover=&#8221;3&#8243; gutter_width__hover_enabled=&#8221;3&#8243; parallax_1__hover=&#8221;off&#8221; parallax_1__hover_enabled=&#8221;off&#8221; parallax_2__hover=&#8221;off&#8221; parallax_2__hover_enabled=&#8221;off&#8221; parallax_3__hover=&#8221;off&#8221; parallax_3__hover_enabled=&#8221;off&#8221; parallax_4__hover=&#8221;off&#8221; parallax_4__hover_enabled=&#8221;off&#8221; parallax_5__hover=&#8221;off&#8221; parallax_5__hover_enabled=&#8221;off&#8221; parallax_6__hover=&#8221;off&#8221; parallax_6__hover_enabled=&#8221;off&#8221; parallax_method_1__hover=&#8221;on&#8221; parallax_method_1__hover_enabled=&#8221;on&#8221; parallax_method_2__hover=&#8221;on&#8221; parallax_method_2__hover_enabled=&#8221;on&#8221; parallax_method_3__hover=&#8221;on&#8221; parallax_method_3__hover_enabled=&#8221;on&#8221; parallax_method_4__hover=&#8221;on&#8221; parallax_method_4__hover_enabled=&#8221;on&#8221; parallax_method_5__hover=&#8221;on&#8221; parallax_method_5__hover_enabled=&#8221;on&#8221; parallax_method_6__hover=&#8221;on&#8221; parallax_method_6__hover_enabled=&#8221;on&#8221; background_size__hover=&#8221;cover&#8221; background_size__hover_enabled=&#8221;cover&#8221; background_position__hover=&#8221;center&#8221; background_position__hover_enabled=&#8221;center&#8221; background_repeat__hover=&#8221;no-repeat&#8221; background_repeat__hover_enabled=&#8221;no-repeat&#8221; use_background_color_gradient__hover=&#8221;off&#8221; use_background_color_gradient__hover_enabled=&#8221;off&#8221; background_color_gradient_start__hover=&#8221;#2b87da&#8221; background_color_gradient_start__hover_enabled=&#8221;#2b87da&#8221; background_color_gradient_end__hover=&#8221;#29c4a9&#8243; background_color_gradient_end__hover_enabled=&#8221;#29c4a9&#8243; background_color_gradient_type__hover=&#8221;linear&#8221; background_color_gradient_type__hover_enabled=&#8221;linear&#8221; background_color_gradient_direction__hover=&#8221;180deg&#8221; background_color_gradient_direction__hover_enabled=&#8221;180deg&#8221; background_color_gradient_direction_radial__hover=&#8221;center&#8221; background_color_gradient_direction_radial__hover_enabled=&#8221;center&#8221; background_color_gradient_start_position__hover=&#8221;0%&#8221; background_color_gradient_start_position__hover_enabled=&#8221;0%&#8221; background_color_gradient_end_position__hover=&#8221;100%&#8221; background_color_gradient_end_position__hover_enabled=&#8221;100%&#8221; background_color_gradient_overlays_image__hover=&#8221;off&#8221; background_color_gradient_overlays_image__hover_enabled=&#8221;off&#8221; parallax__hover=&#8221;off&#8221; parallax__hover_enabled=&#8221;off&#8221; parallax_method__hover=&#8221;on&#8221; parallax_method__hover_enabled=&#8221;on&#8221; background_blend__hover=&#8221;normal&#8221; background_blend__hover_enabled=&#8221;normal&#8221; allow_player_pause__hover=&#8221;off&#8221; allow_player_pause__hover_enabled=&#8221;off&#8221; background_video_pause_outside_viewport__hover=&#8221;on&#8221; background_video_pause_outside_viewport__hover_enabled=&#8221;on&#8221; make_fullwidth__hover=&#8221;off&#8221; make_fullwidth__hover_enabled=&#8221;off&#8221; use_custom_width__hover=&#8221;off&#8221; use_custom_width__hover_enabled=&#8221;off&#8221; width_unit__hover=&#8221;on&#8221; width_unit__hover_enabled=&#8221;on&#8221; custom_width_px__hover=&#8221;1080px&#8221; custom_width_px__hover_enabled=&#8221;1080px&#8221; custom_width_percent__hover=&#8221;80%&#8221; custom_width_percent__hover_enabled=&#8221;80%&#8221; use_custom_gutter__hover=&#8221;off&#8221; use_custom_gutter__hover_enabled=&#8221;off&#8221; make_equal__hover=&#8221;off&#8221; make_equal__hover_enabled=&#8221;off&#8221; border_radii__hover=&#8221;on||||&#8221; border_radii__hover_enabled=&#8221;on||||&#8221; box_shadow_style__hover=&#8221;none&#8221; box_shadow_style__hover_enabled=&#8221;none&#8221; box_shadow_color__hover=&#8221;rgba(0,0,0,0.3)&#8221; box_shadow_color__hover_enabled=&#8221;rgba(0,0,0,0.3)&#8221; filter_hue_rotate__hover=&#8221;0deg&#8221; filter_hue_rotate__hover_enabled=&#8221;0deg&#8221; filter_saturate__hover=&#8221;100%&#8221; filter_saturate__hover_enabled=&#8221;100%&#8221; filter_brightness__hover=&#8221;100%&#8221; filter_brightness__hover_enabled=&#8221;100%&#8221; filter_contrast__hover=&#8221;100%&#8221; filter_contrast__hover_enabled=&#8221;100%&#8221; filter_invert__hover=&#8221;0%&#8221; filter_invert__hover_enabled=&#8221;0%&#8221; filter_sepia__hover=&#8221;0%&#8221; filter_sepia__hover_enabled=&#8221;0%&#8221; filter_opacity__hover=&#8221;100%&#8221; filter_opacity__hover_enabled=&#8221;100%&#8221; filter_blur__hover=&#8221;0px&#8221; filter_blur__hover_enabled=&#8221;0px&#8221; mix_blend_mode__hover=&#8221;normal&#8221; mix_blend_mode__hover_enabled=&#8221;normal&#8221; animation_style__hover=&#8221;none&#8221; animation_style__hover_enabled=&#8221;none&#8221; animation_repeat__hover=&#8221;once&#8221; animation_repeat__hover_enabled=&#8221;once&#8221; animation_direction__hover=&#8221;center&#8221; animation_direction__hover_enabled=&#8221;center&#8221; animation_duration__hover=&#8221;1000ms&#8221; animation_duration__hover_enabled=&#8221;1000ms&#8221; animation_delay__hover=&#8221;0ms&#8221; animation_delay__hover_enabled=&#8221;0ms&#8221; animation_intensity_slide__hover=&#8221;50%&#8221; animation_intensity_slide__hover_enabled=&#8221;50%&#8221; animation_intensity_zoom__hover=&#8221;50%&#8221; animation_intensity_zoom__hover_enabled=&#8221;50%&#8221; animation_intensity_flip__hover=&#8221;50%&#8221; animation_intensity_flip__hover_enabled=&#8221;50%&#8221; animation_intensity_fold__hover=&#8221;50%&#8221; animation_intensity_fold__hover_enabled=&#8221;50%&#8221; animation_intensity_roll__hover=&#8221;50%&#8221; animation_intensity_roll__hover_enabled=&#8221;50%&#8221; animation_starting_opacity__hover=&#8221;0%&#8221; animation_starting_opacity__hover_enabled=&#8221;0%&#8221; animation_speed_curve__hover=&#8221;ease-in-out&#8221; animation_speed_curve__hover_enabled=&#8221;ease-in-out&#8221; hover_transition_duration__hover=&#8221;300ms&#8221; hover_transition_duration__hover_enabled=&#8221;300ms&#8221; hover_transition_delay__hover=&#8221;0ms&#8221; hover_transition_delay__hover_enabled=&#8221;0ms&#8221; hover_transition_speed_curve__hover=&#8221;ease&#8221; hover_transition_speed_curve__hover_enabled=&#8221;ease&#8221;][et_pb_column type=&#8221;4_4&#8243; _builder_version=&#8221;3.0.47&#8243;][et_pb_text _builder_version=&#8221;3.19.6&#8243; text_font=&#8221;||||||||&#8221; header_font=&#8221;||||||||&#8221; text_orientation__hover=&#8221;left&#8221; text_orientation__hover_enabled=&#8221;left&#8221; use_background_color_gradient__hover=&#8221;off&#8221; use_background_color_gradient__hover_enabled=&#8221;off&#8221; background_color_gradient_start__hover=&#8221;#2b87da&#8221; background_color_gradient_start__hover_enabled=&#8221;#2b87da&#8221; background_color_gradient_end__hover=&#8221;#29c4a9&#8243; background_color_gradient_end__hover_enabled=&#8221;#29c4a9&#8243; background_color_gradient_type__hover=&#8221;linear&#8221; background_color_gradient_type__hover_enabled=&#8221;linear&#8221; background_color_gradient_direction__hover=&#8221;180deg&#8221; background_color_gradient_direction__hover_enabled=&#8221;180deg&#8221; background_color_gradient_direction_radial__hover=&#8221;center&#8221; background_color_gradient_direction_radial__hover_enabled=&#8221;center&#8221; background_color_gradient_start_position__hover=&#8221;0%&#8221; background_color_gradient_start_position__hover_enabled=&#8221;0%&#8221; background_color_gradient_end_position__hover=&#8221;100%&#8221; background_color_gradient_end_position__hover_enabled=&#8221;100%&#8221; background_color_gradient_overlays_image__hover=&#8221;off&#8221; background_color_gradient_overlays_image__hover_enabled=&#8221;off&#8221; parallax__hover=&#8221;off&#8221; parallax__hover_enabled=&#8221;off&#8221; parallax_method__hover=&#8221;on&#8221; parallax_method__hover_enabled=&#8221;on&#8221; background_size__hover=&#8221;cover&#8221; background_size__hover_enabled=&#8221;cover&#8221; background_position__hover=&#8221;center&#8221; background_position__hover_enabled=&#8221;center&#8221; background_repeat__hover=&#8221;no-repeat&#8221; background_repeat__hover_enabled=&#8221;no-repeat&#8221; background_blend__hover=&#8221;normal&#8221; background_blend__hover_enabled=&#8221;normal&#8221; allow_player_pause__hover=&#8221;off&#8221; allow_player_pause__hover_enabled=&#8221;off&#8221; background_video_pause_outside_viewport__hover=&#8221;on&#8221; background_video_pause_outside_viewport__hover_enabled=&#8221;on&#8221; text_font_size__hover=&#8221;16px&#8221; text_font_size__hover_enabled=&#8221;16px&#8221; text_letter_spacing__hover=&#8221;0px&#8221; text_letter_spacing__hover_enabled=&#8221;0px&#8221; text_line_height__hover=&#8221;1.7em&#8221; text_line_height__hover_enabled=&#8221;1.7em&#8221; text_text_shadow_style__hover=&#8221;none&#8221; text_text_shadow_style__hover_enabled=&#8221;none&#8221; text_text_shadow_color__hover=&#8221;rgba(0,0,0,0.4)&#8221; text_text_shadow_color__hover_enabled=&#8221;rgba(0,0,0,0.4)&#8221; link_font_size__hover=&#8221;16px&#8221; link_font_size__hover_enabled=&#8221;16px&#8221; link_letter_spacing__hover=&#8221;0px&#8221; link_letter_spacing__hover_enabled=&#8221;0px&#8221; link_line_height__hover=&#8221;1em&#8221; link_line_height__hover_enabled=&#8221;1em&#8221; link_text_shadow_style__hover=&#8221;none&#8221; link_text_shadow_style__hover_enabled=&#8221;none&#8221; link_text_shadow_color__hover=&#8221;rgba(0,0,0,0.4)&#8221; link_text_shadow_color__hover_enabled=&#8221;rgba(0,0,0,0.4)&#8221; ul_font_size__hover=&#8221;14px&#8221; ul_font_size__hover_enabled=&#8221;14px&#8221; ul_letter_spacing__hover=&#8221;0px&#8221; ul_letter_spacing__hover_enabled=&#8221;0px&#8221; ul_line_height__hover=&#8221;1em&#8221; ul_line_height__hover_enabled=&#8221;1em&#8221; ul_text_shadow_style__hover=&#8221;none&#8221; ul_text_shadow_style__hover_enabled=&#8221;none&#8221; ul_text_shadow_color__hover=&#8221;rgba(0,0,0,0.4)&#8221; ul_text_shadow_color__hover_enabled=&#8221;rgba(0,0,0,0.4)&#8221; ol_font_size__hover=&#8221;14px&#8221; ol_font_size__hover_enabled=&#8221;14px&#8221; ol_letter_spacing__hover=&#8221;0px&#8221; ol_letter_spacing__hover_enabled=&#8221;0px&#8221; ol_line_height__hover=&#8221;1em&#8221; ol_line_height__hover_enabled=&#8221;1em&#8221; ol_text_shadow_style__hover=&#8221;none&#8221; ol_text_shadow_style__hover_enabled=&#8221;none&#8221; ol_text_shadow_color__hover=&#8221;rgba(0,0,0,0.4)&#8221; ol_text_shadow_color__hover_enabled=&#8221;rgba(0,0,0,0.4)&#8221; quote_font_size__hover=&#8221;14px&#8221; quote_font_size__hover_enabled=&#8221;14px&#8221; quote_letter_spacing__hover=&#8221;0px&#8221; quote_letter_spacing__hover_enabled=&#8221;0px&#8221; quote_line_height__hover=&#8221;1em&#8221; quote_line_height__hover_enabled=&#8221;1em&#8221; quote_text_shadow_style__hover=&#8221;none&#8221; quote_text_shadow_style__hover_enabled=&#8221;none&#8221; quote_text_shadow_color__hover=&#8221;rgba(0,0,0,0.4)&#8221; quote_text_shadow_color__hover_enabled=&#8221;rgba(0,0,0,0.4)&#8221; header_font_size__hover=&#8221;70px&#8221; header_font_size__hover_enabled=&#8221;70px&#8221; header_letter_spacing__hover=&#8221;0px&#8221; header_letter_spacing__hover_enabled=&#8221;0px&#8221; header_text_shadow_style__hover=&#8221;none&#8221; header_text_shadow_style__hover_enabled=&#8221;none&#8221; header_text_shadow_color__hover=&#8221;rgba(0,0,0,0.4)&#8221; header_text_shadow_color__hover_enabled=&#8221;rgba(0,0,0,0.4)&#8221; header_2_font_size__hover=&#8221;26px&#8221; header_2_font_size__hover_enabled=&#8221;26px&#8221; header_2_letter_spacing__hover=&#8221;0px&#8221; header_2_letter_spacing__hover_enabled=&#8221;0px&#8221; header_2_line_height__hover=&#8221;1em&#8221; header_2_line_height__hover_enabled=&#8221;1em&#8221; header_2_text_shadow_style__hover=&#8221;none&#8221; header_2_text_shadow_style__hover_enabled=&#8221;none&#8221; header_2_text_shadow_color__hover=&#8221;rgba(0,0,0,0.4)&#8221; header_2_text_shadow_color__hover_enabled=&#8221;rgba(0,0,0,0.4)&#8221; header_3_font_size__hover=&#8221;22px&#8221; header_3_font_size__hover_enabled=&#8221;22px&#8221; header_3_letter_spacing__hover=&#8221;0px&#8221; header_3_letter_spacing__hover_enabled=&#8221;0px&#8221; header_3_line_height__hover=&#8221;1em&#8221; header_3_line_height__hover_enabled=&#8221;1em&#8221; header_3_text_shadow_style__hover=&#8221;none&#8221; header_3_text_shadow_style__hover_enabled=&#8221;none&#8221; header_3_text_shadow_color__hover=&#8221;rgba(0,0,0,0.4)&#8221; header_3_text_shadow_color__hover_enabled=&#8221;rgba(0,0,0,0.4)&#8221; header_4_font_size__hover=&#8221;18px&#8221; header_4_font_size__hover_enabled=&#8221;18px&#8221; header_4_letter_spacing__hover=&#8221;0px&#8221; header_4_letter_spacing__hover_enabled=&#8221;0px&#8221; header_4_line_height__hover=&#8221;1em&#8221; header_4_line_height__hover_enabled=&#8221;1em&#8221; header_4_text_shadow_style__hover=&#8221;none&#8221; header_4_text_shadow_style__hover_enabled=&#8221;none&#8221; header_4_text_shadow_color__hover=&#8221;rgba(0,0,0,0.4)&#8221; header_4_text_shadow_color__hover_enabled=&#8221;rgba(0,0,0,0.4)&#8221; header_5_font_size__hover=&#8221;16px&#8221; header_5_font_size__hover_enabled=&#8221;16px&#8221; header_5_letter_spacing__hover=&#8221;0px&#8221; header_5_letter_spacing__hover_enabled=&#8221;0px&#8221; header_5_line_height__hover=&#8221;1em&#8221; header_5_line_height__hover_enabled=&#8221;1em&#8221; header_5_text_shadow_style__hover=&#8221;none&#8221; header_5_text_shadow_style__hover_enabled=&#8221;none&#8221; header_5_text_shadow_color__hover=&#8221;rgba(0,0,0,0.4)&#8221; header_5_text_shadow_color__hover_enabled=&#8221;rgba(0,0,0,0.4)&#8221; header_6_font_size__hover=&#8221;14px&#8221; header_6_font_size__hover_enabled=&#8221;14px&#8221; header_6_letter_spacing__hover=&#8221;0px&#8221; header_6_letter_spacing__hover_enabled=&#8221;0px&#8221; header_6_line_height__hover=&#8221;1em&#8221; header_6_line_height__hover_enabled=&#8221;1em&#8221; header_6_text_shadow_style__hover=&#8221;none&#8221; header_6_text_shadow_style__hover_enabled=&#8221;none&#8221; header_6_text_shadow_color__hover=&#8221;rgba(0,0,0,0.4)&#8221; header_6_text_shadow_color__hover_enabled=&#8221;rgba(0,0,0,0.4)&#8221; border_radii__hover=&#8221;on||||&#8221; border_radii__hover_enabled=&#8221;on||||&#8221; box_shadow_style__hover=&#8221;none&#8221; box_shadow_style__hover_enabled=&#8221;none&#8221; box_shadow_color__hover=&#8221;rgba(0,0,0,0.3)&#8221; box_shadow_color__hover_enabled=&#8221;rgba(0,0,0,0.3)&#8221; background_layout__hover=&#8221;light&#8221; background_layout__hover_enabled=&#8221;light&#8221; max_width__hover=&#8221;100%&#8221; max_width__hover_enabled=&#8221;100%&#8221; filter_hue_rotate__hover=&#8221;0deg&#8221; filter_hue_rotate__hover_enabled=&#8221;0deg&#8221; filter_saturate__hover=&#8221;100%&#8221; filter_saturate__hover_enabled=&#8221;100%&#8221; filter_brightness__hover=&#8221;100%&#8221; filter_brightness__hover_enabled=&#8221;100%&#8221; filter_contrast__hover=&#8221;100%&#8221; filter_contrast__hover_enabled=&#8221;100%&#8221; filter_invert__hover=&#8221;0%&#8221; filter_invert__hover_enabled=&#8221;0%&#8221; filter_sepia__hover=&#8221;0%&#8221; filter_sepia__hover_enabled=&#8221;0%&#8221; filter_opacity__hover=&#8221;100%&#8221; filter_opacity__hover_enabled=&#8221;100%&#8221; filter_blur__hover=&#8221;0px&#8221; filter_blur__hover_enabled=&#8221;0px&#8221; mix_blend_mode__hover=&#8221;normal&#8221; mix_blend_mode__hover_enabled=&#8221;normal&#8221; animation_style__hover=&#8221;none&#8221; animation_style__hover_enabled=&#8221;none&#8221; animation_repeat__hover=&#8221;once&#8221; animation_repeat__hover_enabled=&#8221;once&#8221; animation_direction__hover=&#8221;center&#8221; animation_direction__hover_enabled=&#8221;center&#8221; animation_duration__hover=&#8221;1000ms&#8221; animation_duration__hover_enabled=&#8221;1000ms&#8221; animation_delay__hover=&#8221;0ms&#8221; animation_delay__hover_enabled=&#8221;0ms&#8221; animation_intensity_slide__hover=&#8221;50%&#8221; animation_intensity_slide__hover_enabled=&#8221;50%&#8221; animation_intensity_zoom__hover=&#8221;50%&#8221; animation_intensity_zoom__hover_enabled=&#8221;50%&#8221; animation_intensity_flip__hover=&#8221;50%&#8221; animation_intensity_flip__hover_enabled=&#8221;50%&#8221; animation_intensity_fold__hover=&#8221;50%&#8221; animation_intensity_fold__hover_enabled=&#8221;50%&#8221; animation_intensity_roll__hover=&#8221;50%&#8221; animation_intensity_roll__hover_enabled=&#8221;50%&#8221; animation_starting_opacity__hover=&#8221;0%&#8221; animation_starting_opacity__hover_enabled=&#8221;0%&#8221; animation_speed_curve__hover=&#8221;ease-in-out&#8221; animation_speed_curve__hover_enabled=&#8221;ease-in-out&#8221; hover_transition_duration__hover=&#8221;300ms&#8221; hover_transition_duration__hover_enabled=&#8221;300ms&#8221; hover_transition_delay__hover=&#8221;0ms&#8221; hover_transition_delay__hover_enabled=&#8221;0ms&#8221; hover_transition_speed_curve__hover=&#8221;ease&#8221; hover_transition_speed_curve__hover_enabled=&#8221;ease&#8221;]<\/p>\n<h1 style=\"text-align: center;\">Fondos Designados por el Donante<\/h1>\n<p>[\/et_pb_text][\/et_pb_column][\/et_pb_row][\/et_pb_section][et_pb_section fb_built=&#8221;1&#8243; _builder_version=&#8221;3.19.5&#8243; background_color=&#8221;#fafafa&#8221; background_image=&#8221;https:\/\/elfuturo-nc.org\/wp-content\/uploads\/2019\/01\/pattern-footer.png&#8221; background_size=&#8221;initial&#8221; background_position=&#8221;bottom_center&#8221; custom_padding=&#8221;||170px&#8221;][et_pb_row _builder_version=&#8221;3.19.6&#8243;][et_pb_column type=&#8221;2_3&#8243; _builder_version=&#8221;3.19.6&#8243; parallax=&#8221;off&#8221; parallax_method=&#8221;on&#8221;][et_pb_text _builder_version=&#8221;3.19.6&#8243;]En un mundo de donaciones caritativas caracterizado por el cambio constante, los Fondos Designados por el Donante (DAF por sus siglas en ingl\u00e9s) est\u00e1n creciendo en popularidad como un m\u00e9todo para canalizar donaciones hacia organizaciones sin fines de lucro efectivas. Los DAF permiten que los donantes se beneficien de una deducci\u00f3n de impuestos al momento que donan al Fondo y el DAF facilita el proceso de asignaci\u00f3n de becas a organizaciones sin fines de lucro desde el Fondo a solicitud del donante.<\/p>\n<p>El Futuro colabora con muchas de las principales organizaciones que patrocinan los DAF para facilitar el proceso para aquellos donantes que quieran otorgar becas directamente a El Futuro. Nuestros equipos de Recaudaci\u00f3n de Fondos y Finanzas est\u00e1n listos para responder cualquier pregunta que posibles donantes puedan tener sobre nuestro trabajo y sobre el proceso de los DAF.<\/p>\n<p>Las becas otorgadas a El Futuro a trav\u00e9s de los Fondos Designados por el Donante pueden ser destinados para ser usados dependiendo la mayor necesidad que tengamos para cumplir con nuestra misi\u00f3n de fortalecer a las familias para que alcancen sus sue\u00f1os. Tambi\u00e9n pueden ser destinados para uso en programas o actividades espec\u00edficas seg\u00fan los intereses del donante, incluyendo pero sin limitarse a: programas de atenci\u00f3n a individuos, grupos o familias, servicios en las escuelas, servicios de salud mental por teleconferencia, participaci\u00f3n comunitaria a trav\u00e9s de nuestro espacio verde u otras colaboraciones para fortalecer a las familias Latinas o la capacitaci\u00f3n y la asistencia t\u00e9cnica que ofrecemos a otros profesionistas de la salud mental que sirven a la comunidad Latina en Carolina del Norte. Nos encantar\u00eda platicar con usted sobre qu\u00e9 \u00e1reas de nuestro trabajo se alinean m\u00e1s con sus intereses como donante.<\/p>\n<p>Los clientes con cuentas con Fidelity Charitable, Schwab Charitable y BNY Mellon pueden hacer una asignaci\u00f3n f\u00e1cilmente a trav\u00e9s de DAF Direct en esta p\u00e1gina. Para m\u00e1s informaci\u00f3n, por favor p\u00f3ngase en contacto con Dave Mills, CPA, por tel\u00e9fono al 919-688-7101 x609 o por correo electr\u00f3nico al <a href=\"mailto:dmills@elfuturo-nc.org\">dmills@elfuturo-nc.org<\/a>.<br \/>\n[\/et_pb_text][\/et_pb_column][et_pb_column type=&#8221;1_3&#8243; _builder_version=&#8221;3.19.6&#8243; parallax=&#8221;off&#8221; parallax_method=&#8221;on&#8221;][et_pb_text disabled_on=&#8221;on|on|on&#8221; _builder_version=&#8221;3.19.6&#8243; disabled=&#8221;on&#8221;]<\/p>\n<h3 style=\"text-align: center;\">DAF Direct portal coming soon!<\/h3>\n<p>[\/et_pb_text][et_pb_code module_class=&#8221;donor-portal&#8221; _builder_version=&#8221;3.19.6&#8243;]<script type = \"text\/javascript\">_dafdirect_settings=\"800122334_2111_9299089f-f6b0-4f2d-8d55-c3e60f44063e\"<\/script><script type = \"text\/javascript\" src = \"https:\/\/www.dafdirect.org\/ddirect\/dafdirect4.js\"><\/script>[\/et_pb_code][\/et_pb_column][\/et_pb_row][et_pb_row _builder_version=&#8221;3.19.6&#8243;][et_pb_column type=&#8221;4_4&#8243; _builder_version=&#8221;3.19.6&#8243; parallax=&#8221;off&#8221; parallax_method=&#8221;on&#8221;][\/et_pb_column][\/et_pb_row][\/et_pb_section][et_pb_section fb_built=&#8221;1&#8243; module_class=&#8221;ef-footer-cta&#8221; _builder_version=&#8221;3.19.5&#8243; background_color=&#8221;#6249a3&#8243; custom_padding=&#8221;0px||0px&#8221; global_module=&#8221;65&#8243; collapsed=&#8221;on&#8221;][et_pb_row _builder_version=&#8221;3.19.5&#8243;][et_pb_column type=&#8221;1_5&#8243; _builder_version=&#8221;3.19.5&#8243;][\/et_pb_column][et_pb_column type=&#8221;3_5&#8243; _builder_version=&#8221;3.19.5&#8243;][et_pb_text _builder_version=&#8221;3.19.6&#8243; text_font=&#8221;||||||||&#8221; background_layout=&#8221;dark&#8221;]<\/p>\n<h3>Hable con nosotros<\/h3>\n<p>Para comunicarse con El Futuro por primera vez, por favor vis\u00edtenos durante el horario de puertas abiertas desde las 9 a.m hasta el mediod\u00eda de Lunes a Jueves en nuestra cl\u00ednica de Durham.<\/p>\n<p>Nuestra cl\u00ednica de puertas abiertas es para nuevos casos solamente \u2013 es decir, personas que no est\u00e1n siendo tratadas actualmente. La atenci\u00f3n es por orden de llegada. De no haber turnos suficientes, se le pedir\u00e1 regresar al d\u00eda siguiente.[\/et_pb_text][et_pb_button button_url=&#8221;https:\/\/elfuturo-nc.org\/es\/citas-y-referencias\/&#8221; button_text=&#8221;Venga a Vernos&#8221; button_alignment=&#8221;center&#8221; module_class=&#8221;whitepurple-button&#8221; _builder_version=&#8221;3.19.5&#8243;][\/et_pb_button][\/et_pb_column][et_pb_column type=&#8221;1_5&#8243; _builder_version=&#8221;3.19.5&#8243;][\/et_pb_column][\/et_pb_row][\/et_pb_section]<\/p>\n","protected":false},"excerpt":{"rendered":"<p>Fondos Designados por el DonanteEn un mundo de donaciones caritativas caracterizado por el cambio constante, los Fondos Designados por el Donante (DAF por sus siglas en ingl\u00e9s) est\u00e1n creciendo en popularidad como un m\u00e9todo para canalizar donaciones hacia organizaciones sin fines de lucro efectivas. Los DAF permiten que los donantes se beneficien de una deducci\u00f3n [&hellip;]<\/p>\n","protected":false},"author":4,"featured_media":0,"parent":0,"menu_order":0,"comment_status":"closed","ping_status":"closed","template":"","meta":{"_et_pb_use_builder":"on","_et_pb_old_content":"","_et_gb_content_width":"","footnotes":"","_links_to":"","_links_to_target":""},"class_list":["post-2421","page","type-page","status-publish","hentry"],"_links":{"self":[{"href":"https:\/\/elfuturo-nc.org\/es\/wp-json\/wp\/v2\/pages\/2421","targetHints":{"allow":["GET"]}}],"collection":[{"href":"https:\/\/elfuturo-nc.org\/es\/wp-json\/wp\/v2\/pages"}],"about":[{"href":"https:\/\/elfuturo-nc.org\/es\/wp-json\/wp\/v2\/types\/page"}],"author":[{"embeddable":true,"href":"https:\/\/elfuturo-nc.org\/es\/wp-json\/wp\/v2\/users\/4"}],"replies":[{"embeddable":true,"href":"https:\/\/elfuturo-nc.org\/es\/wp-json\/wp\/v2\/comments?post=2421"}],"version-history":[{"count":0,"href":"https:\/\/elfuturo-nc.org\/es\/wp-json\/wp\/v2\/pages\/2421\/revisions"}],"wp:attachment":[{"href":"https:\/\/elfuturo-nc.org\/es\/wp-json\/wp\/v2\/media?parent=2421"}],"curies":[{"name":"wp","href":"https:\/\/api.w.org\/{rel}","templated":true}]}}